{"id":6,"date":"2025-10-26T15:53:44","date_gmt":"2025-10-26T15:53:44","guid":{"rendered":"https:\/\/tourisme-du-sommeil.com\/?page_id=6"},"modified":"2025-10-26T16:24:38","modified_gmt":"2025-10-26T16:24:38","slug":"voyager-et-se-reposer-decouvrez-une-experience-unique","status":"publish","type":"page","link":"https:\/\/tourisme-du-sommeil.com\/index.php\/voyager-et-se-reposer-decouvrez-une-experience-unique\/","title":{"rendered":"Voyager et se reposer : une exp\u00e9rience unique"},"content":{"rendered":"\n<div class=\"wp-block-group alignfull has-global-padding is-layout-constrained wp-container-core-group-is-layout-0c9c989a wp-block-group-is-layout-constrained\" style=\"min-height:0vh;margin-top:0;margin-bottom:0;padding-top:var(--wp--preset--spacing--70);padding-right:var(--wp--preset--spacing--40);padding-bottom:var(--wp--preset--spacing--70);padding-left:var(--wp--preset--spacing--40)\">\n<div class=\"wp-block-group has-global-padding is-layout-constrained wp-container-core-group-is-layout-346627ba wp-block-group-is-layout-constrained\">\n<h2 class=\"wp-block-heading has-text-align-center is-style-default has-x-large-font-size\" style=\"margin-right:0;margin-left:0;padding-right:0;padding-left:0\">Faites le plein d&#8217;\u00e9nergie et de paix<\/h2>\n\n\n\n<p class=\"has-text-align-center\">Au croisement de voyage et bien-\u00eatre, le tourisme du sommeil met l&#8217;accent sur un tourisme qui repose, ressource et r\u00e9g\u00e9n\u00e8re<\/p>\n\n\n\n<div class=\"wp-block-buttons is-content-justification-center is-layout-flex wp-container-core-buttons-is-layout-a89b3969 wp-block-buttons-is-layout-flex\">\n<div class=\"wp-block-button\"><a class=\"wp-block-button__link wp-element-button\">Destinations<\/a><\/div>\n<\/div>\n<\/div>\n<\/div>\n\n\n\n<div class=\"wp-block-group alignfull is-style-section-1 has-global-padding is-layout-constrained wp-block-group-is-layout-constrained is-style-section-1--1\" style=\"margin-top:0;margin-bottom:0;padding-top:var(--wp--preset--spacing--80);padding-bottom:var(--wp--preset--spacing--80)\">\n<div class=\"wp-block-columns alignwide is-layout-flex wp-container-core-columns-is-layout-66fad18a wp-block-columns-is-layout-flex\">\n<div class=\"wp-block-column is-layout-flow wp-block-column-is-layout-flow\" style=\"padding-right:var(--wp--preset--spacing--50);flex-basis:45%\">\n<figure class=\"wp-block-image size-full\"><img decoding=\"async\" src=\"https:\/\/tourisme-du-sommeil.com\/wp-content\/themes\/twentytwentyfive\/assets\/images\/red-hibiscus-closeup.webp\" alt=\"Photography close up of a red flower.\"\/><\/figure>\n\n\n\n<div class=\"wp-block-group has-global-padding is-layout-constrained wp-block-group-is-layout-constrained\" style=\"margin-top:-12vw\">\n<figure class=\"wp-block-image alignright size-full is-resized\" style=\"margin-right:-5vw;margin-left:-5vw\"><img decoding=\"async\" src=\"https:\/\/tourisme-du-sommeil.com\/wp-content\/themes\/twentytwentyfive\/assets\/images\/grid-flower-2.webp\" alt=\"Black and white photography close up of a flower.\" style=\"width:202px\"\/><\/figure>\n<\/div>\n<\/div>\n\n\n\n<div class=\"wp-block-column is-vertically-aligned-center is-layout-flow wp-block-column-is-layout-flow\" style=\"padding-right:0;padding-left:0;flex-basis:50%\">\n<div class=\"wp-block-group is-vertical is-layout-flex wp-container-core-group-is-layout-fe9cc265 wp-block-group-is-layout-flex\">\n<h2 class=\"wp-block-heading is-style-text-annotation is-style-text-annotation--2\">Exp\u00e9rience sensorielle et s\u00e9r\u00e9nit\u00e9<\/h2>\n<\/div>\n\n\n\n<p class=\"is-style-text-subtitle has-large-font-size is-style-text-subtitle--3\">Le sommeil est un besoin fondamental de l&#8217;organisme. <\/p>\n\n\n\n<p class=\"is-style-text-subtitle has-large-font-size is-style-text-subtitle--4\">Un adulte \u00e0 besoin de dormir de 7 \u00e0 9 heures en moyenne dans de bonnes conditions pour permettre au corps et \u00e0 l &#8216;esprit de se r\u00e9g\u00e9n\u00e9rer. <\/p>\n\n\n\n<p class=\"is-style-text-subtitle has-large-font-size is-style-text-subtitle--5\">Pas toujours \u00e9vident lorsque l&#8217;on se d\u00e9place et qu&#8217;au stress du voyage s&#8217;ajoute un environnement bruyant, inconnu et diff\u00e9rent de nos habitudes.<\/p>\n\n\n\n<p>Le tourisme du sommeil vous permet de b\u00e9n\u00e9ficier d&#8217;une exp\u00e9rience sensorielle ax\u00e9e sur votre besoin de s\u00e9r\u00e9nit\u00e9 et de r\u00e9cup\u00e9ration, afin que vos voyages deviennent un plaisir sans mod\u00e9ration.<\/p>\n<\/div>\n<\/div>\n<\/div>\n\n\n\n<div class=\"wp-block-group alignfull has-global-padding is-layout-constrained wp-container-core-group-is-layout-ebee8dc1 wp-block-group-is-layout-constrained\" style=\"margin-top:0;margin-bottom:0;padding-top:var(--wp--preset--spacing--50);padding-bottom:var(--wp--preset--spacing--50)\">\n<h2 class=\"wp-block-heading alignwide\">Vos alli\u00e9s sommeil<\/h2>\n\n\n\n<div class=\"wp-block-columns alignwide is-layout-flex wp-container-core-columns-is-layout-28f84493 wp-block-columns-is-layout-flex\">\n<div class=\"wp-block-column is-layout-flow wp-block-column-is-layout-flow\">\n<figure class=\"wp-block-image size-full\" style=\"margin-bottom:24px\"><img decoding=\"async\" src=\"https:\/\/tourisme-du-sommeil.com\/wp-content\/themes\/twentytwentyfive\/assets\/images\/campanula-alliariifolia-flower.webp\" alt=\"Image for service\" style=\"aspect-ratio:4\/3;object-fit:cover\"\/><\/figure>\n\n\n\n<h3 class=\"wp-block-heading\">Hygi\u00e8ne et sant\u00e9 <\/h3>\n\n\n\n<p class=\"has-medium-font-size\"><\/p>\n<\/div>\n\n\n\n<div class=\"wp-block-column is-layout-flow wp-block-column-is-layout-flow\">\n<figure class=\"wp-block-image size-full\" style=\"margin-bottom:24px\"><img decoding=\"async\" src=\"https:\/\/tourisme-du-sommeil.com\/wp-content\/themes\/twentytwentyfive\/assets\/images\/delphinium-flowers.webp\" alt=\"Image for service\" style=\"aspect-ratio:4\/3;object-fit:cover\"\/><\/figure>\n\n\n\n<h3 class=\"wp-block-heading\">Calme et confort<\/h3>\n\n\n\n<p class=\"has-medium-font-size\">L&#8217;environnement imm\u00e9diat r\u00e9pond au besoin de tranquillit\u00e9 et de cocooning.  pour une d\u00e9tente compl\u00e8te : pas de sources de stress ou de sollicitations inutiles, votre confort physique et psychologique<\/p>\n<\/div>\n\n\n\n<div class=\"wp-block-column is-layout-flow wp-block-column-is-layout-flow\">\n<figure class=\"wp-block-image size-full\" style=\"margin-bottom:24px\"><img decoding=\"async\" src=\"https:\/\/tourisme-du-sommeil.com\/wp-content\/themes\/twentytwentyfive\/assets\/images\/star-thristle-flower.webp\" alt=\"Image for service\" style=\"aspect-ratio:4\/3;object-fit:cover\"\/><\/figure>\n\n\n\n<h3 class=\"wp-block-heading\">Activit\u00e9s douces<\/h3>\n\n\n\n<p class=\"has-medium-font-size\">Un \u00e9ventail de possibilit\u00e9s et de programmes sur-mesure vous permet de conserver ce que vous aimez ou d\u00e9couvrir ce que vous allez aim\u00e9. <\/p>\n\n\n\n<p class=\"has-medium-font-size\">Laissez-vous surprendre et profitez!<\/p>\n<\/div>\n<\/div>\n<\/div>\n\n\n\n<div class=\"wp-block-group alignfull has-global-padding is-layout-constrained wp-block-group-is-layout-constrained\" style=\"margin-top:0;margin-bottom:0;padding-top:var(--wp--preset--spacing--60);padding-bottom:var(--wp--preset--spacing--60)\">\n<div class=\"wp-block-columns alignwide is-layout-flex wp-container-core-columns-is-layout-74b2cda3 wp-block-columns-is-layout-flex\">\n<div class=\"wp-block-column is-layout-flow wp-block-column-is-layout-flow\">\n<div class=\"wp-block-group is-vertical is-content-justification-left is-layout-flex wp-container-core-group-is-layout-7ce391b6 wp-block-group-is-layout-flex\" style=\"min-height:100%\">\n<h2 class=\"wp-block-heading is-style-text-annotation has-x-small-font-size is-style-text-annotation--6\">Ce qu&#8217;ils en disent<\/h2>\n\n\n\n<blockquote class=\"wp-block-quote is-style-plain has-x-large-font-size is-layout-flow wp-container-core-quote-is-layout-5dafc681 wp-block-quote-is-layout-flow is-style-plain--7\" style=\"font-style:normal;font-weight:400\">\n<div class=\"wp-block-group has-global-padding is-content-justification-left is-layout-constrained wp-container-core-group-is-layout-085bd3d9 wp-block-group-is-layout-constrained\" style=\"margin-top:0;margin-bottom:0;padding-top:0;padding-right:0;padding-bottom:0;padding-left:0\">\n<p class=\"has-x-large-font-size\">\u201cSuperb product and customer service!\u201d<\/p>\n\n\n\n<p>\u201cSuperb product and customer service!\u201d<\/p>\n\n\n\n<p>\u201cSuperb product and customer service!\u201d<\/p>\n<\/div>\n<\/blockquote>\n<\/div>\n<\/div>\n\n\n\n<div class=\"wp-block-column is-layout-flow wp-block-column-is-layout-flow\" style=\"padding-top:0;padding-right:0;padding-bottom:0;padding-left:0\">\n<div class=\"wp-block-cover\"><img decoding=\"async\" class=\"wp-block-cover__image-background\" alt=\"Conseils pour favoriser mon sommeil \" src=\"https:\/\/tourisme-du-sommeil.com\/wp-content\/themes\/twentytwentyfive\/assets\/images\/typewriter.webp\" data-object-fit=\"cover\"\/><span aria-hidden=\"true\" class=\"wp-block-cover__background has-background-dim\"><\/span><div class=\"wp-block-cover__inner-container is-layout-flow wp-block-cover-is-layout-flow\">\n<p class=\"has-text-align-center has-large-font-size\">Conseils pour favoriser mon sommeil<\/p>\n<\/div><\/div>\n<\/div>\n<\/div>\n<\/div>\n\n\n\n<div class=\"wp-block-group alignfull has-global-padding is-layout-constrained wp-block-group-is-layout-constrained\" style=\"margin-top:0;margin-bottom:0;padding-top:var(--wp--preset--spacing--60);padding-bottom:var(--wp--preset--spacing--60)\">\n<h2 class=\"wp-block-heading alignwide has-text-align-center\">Pricing<\/h2>\n\n\n\n<p class=\"has-text-align-center\">Cancel or pause anytime.<\/p>\n\n\n\n<div style=\"height:var(--wp--preset--spacing--40)\" aria-hidden=\"true\" class=\"wp-block-spacer\"><\/div>\n\n\n\n<div class=\"wp-block-columns alignwide is-layout-flex wp-container-core-columns-is-layout-1d9f35bd wp-block-columns-is-layout-flex\">\n<div class=\"wp-block-column has-border-color is-layout-flow wp-block-column-is-layout-flow\" style=\"border-color:var(--wp--preset--color--accent-6);border-width:1px;border-radius:10px;padding-top:var(--wp--preset--spacing--50);padding-right:var(--wp--preset--spacing--50);padding-bottom:var(--wp--preset--spacing--50);padding-left:var(--wp--preset--spacing--50)\">\n<h3 class=\"wp-block-heading\" id=\"free\">Free<\/h3>\n\n\n\n<p class=\"has-large-font-size\">0\u20ac<\/p>\n\n\n\n<ul style=\"padding-bottom:var(--wp--preset--spacing--20);padding-left:var(--wp--preset--spacing--20)\" class=\"wp-block-list is-style-checkmark-list has-small-font-size\">\n<li>Get access to our paid articles and weekly newsletter.<\/li>\n\n\n\n<li>Join our IRL events.<\/li>\n\n\n\n<li>Get a free tote bag.<\/li>\n\n\n\n<li>An elegant addition of home decor collection.<\/li>\n\n\n\n<li>Join our forums.<\/li>\n<\/ul>\n\n\n\n<div class=\"wp-block-buttons is-content-justification-center is-layout-flex wp-container-core-buttons-is-layout-a89b3969 wp-block-buttons-is-layout-flex\">\n<div class=\"wp-block-button has-custom-width wp-block-button__width-100\"><a class=\"wp-block-button__link wp-element-button\">Join<\/a><\/div>\n<\/div>\n<\/div>\n\n\n\n<div class=\"wp-block-column has-border-color is-layout-flow wp-block-column-is-layout-flow\" style=\"border-color:var(--wp--preset--color--accent-6);border-width:1px;border-radius:10px;padding-top:var(--wp--preset--spacing--50);padding-right:var(--wp--preset--spacing--50);padding-bottom:var(--wp--preset--spacing--50);padding-left:var(--wp--preset--spacing--50)\">\n<h3 class=\"wp-block-heading\" id=\"single\">Single<\/h3>\n\n\n\n<p class=\"has-large-font-size\">20\u20ac\/month<\/p>\n\n\n\n<ul style=\"padding-bottom:var(--wp--preset--spacing--20);padding-left:var(--wp--preset--spacing--20)\" class=\"wp-block-list is-style-checkmark-list has-small-font-size\">\n<li>Get access to our paid articles and weekly newsletter.<\/li>\n\n\n\n<li>Join our IRL events.<\/li>\n\n\n\n<li>Get a free tote bag.<\/li>\n\n\n\n<li>An elegant addition of home decor collection.<\/li>\n\n\n\n<li>Join our forums.<\/li>\n<\/ul>\n\n\n\n<div class=\"wp-block-buttons is-content-justification-center is-layout-flex wp-container-core-buttons-is-layout-a89b3969 wp-block-buttons-is-layout-flex\">\n<div class=\"wp-block-button has-custom-width wp-block-button__width-100\"><a class=\"wp-block-button__link wp-element-button\">Join<\/a><\/div>\n<\/div>\n<\/div>\n<\/div>\n<\/div>\n\n\n\n<aside class=\"wp-block-group alignfull is-style-section-3 has-global-padding is-layout-constrained wp-container-core-group-is-layout-f0f2a97b wp-block-group-is-layout-constrained is-style-section-3--8\" style=\"margin-top:0;margin-bottom:0;padding-top:var(--wp--preset--spacing--50);padding-right:var(--wp--preset--spacing--50);padding-bottom:var(--wp--preset--spacing--50);padding-left:var(--wp--preset--spacing--50)\">\n<div class=\"wp-block-group is-vertical is-content-justification-center is-layout-flex wp-container-core-group-is-layout-8778ca4a wp-block-group-is-layout-flex\" style=\"min-height:360px;margin-top:0;margin-bottom:0\">\n<h2 class=\"wp-block-heading has-text-align-center has-xx-large-font-size\">Sign up to get daily stories<\/h2>\n\n\n\n<p class=\"has-text-align-center is-style-text-subtitle is-style-text-subtitle--9\">Get access to a curated collection of moments in time featuring photographs from historical relevance.<\/p>\n\n\n\n<div style=\"height:0px\" aria-hidden=\"true\" class=\"wp-block-spacer wp-container-content-62aae154\"><\/div>\n\n\n\n<div class=\"wp-block-buttons is-content-justification-center is-layout-flex wp-container-core-buttons-is-layout-a89b3969 wp-block-buttons-is-layout-flex\">\n<div class=\"wp-block-button\"><a class=\"wp-block-button__link has-text-align-center wp-element-button\">Subscribe<\/a><\/div>\n<\/div>\n<\/div>\n<\/aside>\n","protected":false},"excerpt":{"rendered":"<p>Faites le plein d&#8217;\u00e9nergie et de paix Au croisement de voyage et bien-\u00eatre, le tourisme du sommeil met l&#8217;accent sur un tourisme qui repose, ressource et r\u00e9g\u00e9n\u00e8re Exp\u00e9rience sensorielle et s\u00e9r\u00e9nit\u00e9 Le sommeil est un besoin fondamental de l&#8217;organisme. Un adulte \u00e0 besoin de dormir de 7 \u00e0 9 heures en moyenne dans de bonnes [&hellip;]<\/p>\n","protected":false},"author":1,"featured_media":0,"parent":0,"menu_order":0,"comment_status":"closed","ping_status":"closed","template":"","meta":{"footnotes":""},"class_list":["post-6","page","type-page","status-publish","hentry"],"_links":{"self":[{"href":"https:\/\/tourisme-du-sommeil.com\/index.php\/wp-json\/wp\/v2\/pages\/6","targetHints":{"allow":["GET"]}}],"collection":[{"href":"https:\/\/tourisme-du-sommeil.com\/index.php\/wp-json\/wp\/v2\/pages"}],"about":[{"href":"https:\/\/tourisme-du-sommeil.com\/index.php\/wp-json\/wp\/v2\/types\/page"}],"author":[{"embeddable":true,"href":"https:\/\/tourisme-du-sommeil.com\/index.php\/wp-json\/wp\/v2\/users\/1"}],"replies":[{"embeddable":true,"href":"https:\/\/tourisme-du-sommeil.com\/index.php\/wp-json\/wp\/v2\/comments?post=6"}],"version-history":[{"count":5,"href":"https:\/\/tourisme-du-sommeil.com\/index.php\/wp-json\/wp\/v2\/pages\/6\/revisions"}],"predecessor-version":[{"id":13,"href":"https:\/\/tourisme-du-sommeil.com\/index.php\/wp-json\/wp\/v2\/pages\/6\/revisions\/13"}],"wp:attachment":[{"href":"https:\/\/tourisme-du-sommeil.com\/index.php\/wp-json\/wp\/v2\/media?parent=6"}],"curies":[{"name":"wp","href":"https:\/\/api.w.org\/{rel}","templated":true}]}}